{"id":1587,"date":"2026-02-14T01:58:36","date_gmt":"2026-02-14T01:58:36","guid":{"rendered":"https:\/\/azlyus.com\/?post_type=product&#038;p=1587"},"modified":"2026-04-05T07:58:27","modified_gmt":"2026-04-05T07:58:27","slug":"pendientes-de-aro-estilo-bambu","status":"publish","type":"product","link":"https:\/\/azlyus.com\/index.php\/product\/pendientes-de-aro-estilo-bambu\/","title":{"rendered":"Pendientes de Aro Estilo Bamb\u00fa"},"content":{"rendered":"","protected":false},"excerpt":{"rendered":"<p><strong>Env\u00edo GRATIS en toda Espa\u00f1a<\/strong><\/p>\n<ul>\n<li>Material: Acero inoxidable de alta calidad<\/li>\n<li>Acabado: Oro 18K PVD \u2013 no pierde el color<\/li>\n<li>Detalles: Perlas y cristales elegantes<\/li>\n<li><strong>Propiedades:<\/strong><\/li>\n<li>Hipoalerg\u00e9nico (apto para piel sensible)<\/li>\n<li>Resistente al agua<\/li>\n<li>No pierde el color<\/li>\n<li>Garant\u00eda de 6 meses incluida<\/li>\n<\/ul>\n","protected":false},"featured_media":1588,"comment_status":"open","ping_status":"closed","template":"","meta":[],"product_brand":[],"product_cat":[80],"product_tag":[],"class_list":{"0":"post-1587","1":"product","2":"type-product","3":"status-publish","4":"has-post-thumbnail","6":"product_cat-earrings","8":"first","9":"instock","10":"sale","11":"shipping-taxable","12":"purchasable","13":"product-type-simple"},"_links":{"self":[{"href":"https:\/\/azlyus.com\/index.php\/wp-json\/wp\/v2\/product\/1587","targetHints":{"allow":["GET"]}}],"collection":[{"href":"https:\/\/azlyus.com\/index.php\/wp-json\/wp\/v2\/product"}],"about":[{"href":"https:\/\/azlyus.com\/index.php\/wp-json\/wp\/v2\/types\/product"}],"replies":[{"embeddable":true,"href":"https:\/\/azlyus.com\/index.php\/wp-json\/wp\/v2\/comments?post=1587"}],"version-history":[{"count":2,"href":"https:\/\/azlyus.com\/index.php\/wp-json\/wp\/v2\/product\/1587\/revisions"}],"predecessor-version":[{"id":2065,"href":"https:\/\/azlyus.com\/index.php\/wp-json\/wp\/v2\/product\/1587\/revisions\/2065"}],"wp:featuredmedia":[{"embeddable":true,"href":"https:\/\/azlyus.com\/index.php\/wp-json\/wp\/v2\/media\/1588"}],"wp:attachment":[{"href":"https:\/\/azlyus.com\/index.php\/wp-json\/wp\/v2\/media?parent=1587"}],"wp:term":[{"taxonomy":"product_brand","embeddable":true,"href":"https:\/\/azlyus.com\/index.php\/wp-json\/wp\/v2\/product_brand?post=1587"},{"taxonomy":"product_cat","embeddable":true,"href":"https:\/\/azlyus.com\/index.php\/wp-json\/wp\/v2\/product_cat?post=1587"},{"taxonomy":"product_tag","embeddable":true,"href":"https:\/\/azlyus.com\/index.php\/wp-json\/wp\/v2\/product_tag?post=1587"}],"curies":[{"name":"wp","href":"https:\/\/api.w.org\/{rel}","templated":true}]}}