{"id":1636,"date":"2026-02-14T10:42:50","date_gmt":"2026-02-14T10:42:50","guid":{"rendered":"https:\/\/azlyus.com\/?post_type=product&#038;p=1636"},"modified":"2026-04-05T08:15:48","modified_gmt":"2026-04-05T08:15:48","slug":"pendientes-de-doble-triangulo","status":"publish","type":"product","link":"https:\/\/azlyus.com\/index.php\/product\/pendientes-de-doble-triangulo\/","title":{"rendered":"Pendientes de Doble Tri\u00e1ngulo"},"content":{"rendered":"","protected":false},"excerpt":{"rendered":"<p><strong>Env\u00edo GRATIS en toda Espa\u00f1a<\/strong><\/p>\n<ul>\n<li>Material: Acero inoxidable de alta calidad<\/li>\n<li>Acabado: Oro 18K PVD \u2013 no pierde el color<\/li>\n<li>Detalles: Perlas y cristales elegantes<\/li>\n<li><strong>Propiedades:<\/strong><\/li>\n<li>Hipoalerg\u00e9nico (apto para piel sensible)<\/li>\n<li>Resistente al agua<\/li>\n<li>No pierde el color<\/li>\n<li>Garant\u00eda de 6 meses incluida<\/li>\n<\/ul>\n","protected":false},"featured_media":1637,"comment_status":"open","ping_status":"closed","template":"","meta":[],"product_brand":[],"product_cat":[80],"product_tag":[],"class_list":{"0":"post-1636","1":"product","2":"type-product","3":"status-publish","4":"has-post-thumbnail","6":"product_cat-earrings","8":"first","9":"instock","10":"sale","11":"shipping-taxable","12":"purchasable","13":"product-type-simple"},"_links":{"self":[{"href":"https:\/\/azlyus.com\/index.php\/wp-json\/wp\/v2\/product\/1636","targetHints":{"allow":["GET"]}}],"collection":[{"href":"https:\/\/azlyus.com\/index.php\/wp-json\/wp\/v2\/product"}],"about":[{"href":"https:\/\/azlyus.com\/index.php\/wp-json\/wp\/v2\/types\/product"}],"replies":[{"embeddable":true,"href":"https:\/\/azlyus.com\/index.php\/wp-json\/wp\/v2\/comments?post=1636"}],"version-history":[{"count":1,"href":"https:\/\/azlyus.com\/index.php\/wp-json\/wp\/v2\/product\/1636\/revisions"}],"predecessor-version":[{"id":2054,"href":"https:\/\/azlyus.com\/index.php\/wp-json\/wp\/v2\/product\/1636\/revisions\/2054"}],"wp:featuredmedia":[{"embeddable":true,"href":"https:\/\/azlyus.com\/index.php\/wp-json\/wp\/v2\/media\/1637"}],"wp:attachment":[{"href":"https:\/\/azlyus.com\/index.php\/wp-json\/wp\/v2\/media?parent=1636"}],"wp:term":[{"taxonomy":"product_brand","embeddable":true,"href":"https:\/\/azlyus.com\/index.php\/wp-json\/wp\/v2\/product_brand?post=1636"},{"taxonomy":"product_cat","embeddable":true,"href":"https:\/\/azlyus.com\/index.php\/wp-json\/wp\/v2\/product_cat?post=1636"},{"taxonomy":"product_tag","embeddable":true,"href":"https:\/\/azlyus.com\/index.php\/wp-json\/wp\/v2\/product_tag?post=1636"}],"curies":[{"name":"wp","href":"https:\/\/api.w.org\/{rel}","templated":true}]}}